{"id":78,"date":"2011-12-21T00:16:23","date_gmt":"2011-12-21T00:16:23","guid":{"rendered":"http:\/\/www.lulelisnoticias.com.br\/blog\/?page_id=78"},"modified":"2019-09-07T16:36:06","modified_gmt":"2019-09-07T19:36:06","slug":"entrevista","status":"publish","type":"page","link":"https:\/\/www.lulelisnoticias.com.br\/blog\/entrevista\/","title":{"rendered":"Entrevista"},"content":{"rendered":"<h2><a href=\"https:\/\/www.lulelisnoticias.com.br\/blog\/wp-content\/uploads\/2011\/12\/virna.jpg\"><img loading=\"lazy\" decoding=\"async\" class=\"aligncenter  wp-image-18470\" src=\"https:\/\/www.lulelisnoticias.com.br\/blog\/wp-content\/uploads\/2011\/12\/virna.jpg\" alt=\"\" width=\"345\" height=\"334\" srcset=\"https:\/\/www.lulelisnoticias.com.br\/blog\/wp-content\/uploads\/2011\/12\/virna.jpg 1242w, https:\/\/www.lulelisnoticias.com.br\/blog\/wp-content\/uploads\/2011\/12\/virna-768x745.jpg 768w\" sizes=\"auto, (max-width: 345px) 100vw, 345px\" \/><\/a>SETEMBRO AMARELO: m\u00eas da preven\u00e7\u00e3o ao suic\u00eddio. Psic\u00f3loga esclarece d\u00favidas sobre depress\u00e3o e suic\u00eddio, algo t\u00e3o recorrente nos dias atuais.<\/h2>\n<div class=\"excerpt\">\n<p><strong>JN: Porque as pessoas cometem suic\u00eddio?<\/strong><\/p>\n<p><strong>Virna Lelis: <\/strong>Porque elas est\u00e3o amedrontadas, angustiadas e cansadas demais de lutar contra o que sentem. O medo \u00e9 um sentimento necess\u00e1rio e inerente ao ser humano, mas \u00e9 preciso control\u00e1-lo, para que ele n\u00e3o domine seu pensamento e dite seu comportamento. \u00c9 importante ressaltar que ningu\u00e9m pensa em suic\u00eddio por querer morrer, mas sim por desejo de se livrar da dor. Geralmente, as pessoas acometidas de algum transtorno mental, transtorno de personalidade e depress\u00e3o, s\u00e3o as que mais pensam nessa possibilidade como fuga do sofrimento em quest\u00e3o. Outras, por estarem passando por enfermidades como c\u00e2ncer, ou outra patologia e sofrendo algum tipo de abuso. Por \u00faltimo, mas n\u00e3o menos importante, as pessoas que est\u00e3o passando por algum tipo de luto, seja ele por morte, perda de emprego, relacionamento, ou qualquer outro motivo que o deixe desamparado diante de suas quest\u00f5es interiores.<\/p>\n<p>&nbsp;<\/p>\n<p><strong>JN: Quais s\u00e3o os sintomas de algu\u00e9m que esteja com depress\u00e3o?<\/strong><\/p>\n<p><strong>Virna Lelis: <\/strong>Parece uma pergunta simples, mas n\u00e3o \u00e9, pois a nomenclatura \u201cdepress\u00e3o\u201d \u00e9 muito conhecida, mas desconhecida nas suas configura\u00e7\u00f5es. A depress\u00e3o possui graus diferentes e que se diferenciam nas suas manifesta\u00e7\u00f5es. Muitas pessoas julgam erroneamente, quando sabem que algu\u00e9m que est\u00e1 com depress\u00e3o, est\u00e1 sorrindo ou saindo para as festas. Mas este tipo de comportamento pode sim ocorrer e eu explico os motivos: depress\u00e3o pode causar ins\u00f4nia ou sono excessivo; diminui\u00e7\u00e3o dr\u00e1stica ou aumento do apetite; aus\u00eancia total da libido ou compuls\u00e3o sexual; total apatia e falta de vontade de sair de casa ou euforia e busca incans\u00e1vel em sair de casa todo o tempo. Pode acontecer tudo isso numa mesma pessoa alternadamente ou ao mesmo tempo. Cada c\u00e9rebro reage de uma forma a uma determinada situa\u00e7\u00e3o. N\u00e3o podemos refor\u00e7ar o estigma de que algu\u00e9m depressivo vai estar sempre em casa chorando, sem querer comer ou tomar banho. Este pensamento desvia\/distancia muita gente do diagn\u00f3stico e tratamento adequado.<\/p>\n<p>&nbsp;<\/p>\n<p><strong>JN: Quais s\u00e3o os sintomas de algu\u00e9m que pensa em cometer suic\u00eddio?<\/strong><\/p>\n<p><strong>Virna Lelis: <\/strong>Em algum momento, ele vai falar sobre o ato. Neste momento, \u00e9 preciso estar bem atento \u00e0 fala do outro. N\u00e3o julgue como algo bobo ou passageiro, acolha, escute e tente achar um profissional psic\u00f3logo para aquela pessoa. Voc\u00ea pode salvar uma vida. Sem apontar, sem ferir, sem condenar.<\/p>\n<p>&nbsp;<\/p>\n<p><strong>JN: O que voc\u00ea aconselha fazer quando o depressivo n\u00e3o quer ser ajudado?<\/strong><\/p>\n<p><strong>Virna Lelis<\/strong>: Dif\u00edcil quest\u00e3o. Toda ajuda que podemos dar ao outro, parte do princ\u00edpio do seu desejo de querer sair daquela condi\u00e7\u00e3o. Nada que se faz obrigatoriamente, pode ter resultados positivos. Entretanto, voc\u00ea pode estar conversando, se mostrando dispon\u00edvel sempre que necess\u00e1rio, dando total apoio e afeto. Desmistifique a doen\u00e7a, fale que toda pessoa pode ser acometida pela depress\u00e3o em algum momento e que uma conversa com um amigo ou familiar traz benef\u00edcios, mas nunca ser\u00e1 suficiente para tratar aquela condi\u00e7\u00e3o como um tratamento psicoter\u00e1pico e talvez, com uso de medicamentos espec\u00edficos, passados por um psiquiatra.<\/p>\n<p>&nbsp;<\/p>\n<p><strong>JN: Porque nem todos podem ajudar uma pessoa que pensa em suic\u00eddio?<\/strong><\/p>\n<p><strong>Virna Lelis:<\/strong>Porque, muitas vezes, o discurso de algu\u00e9m que tenta ajudar, com frases motivacionais ou algo do tipo, pode ocasionar o efeito reverso e a pessoa depressiva se sentir ainda mais deprimida e inadequada. Basta que voc\u00ea esteja sempre ao lado. Convide-o para algo que o fa\u00e7a se distanciar brevemente do problema, como um esporte, uma dan\u00e7a, uma sa\u00edda rodeada de amigos, ou seja l\u00e1 o que for fonte de prazer para esta pessoa. Ressalto que o apoio de algum amigo ou familiar \u00e9 de extrema import\u00e2ncia, mas o ideal \u00e9 procurar um psic\u00f3logo.<\/p>\n<p>&nbsp;<\/p>\n<p><strong>JN: Como um Psic\u00f3logo pode ajudar?<\/strong><\/p>\n<p><strong>Virna Lelis:<\/strong> Em processo psicoter\u00e1pico continuado. As pessoas possuem suas singularidades e cada um carrega consigo sua hist\u00f3ria pessoal. Atrav\u00e9s de um acolhimento, escuta neutralizada, anamnese detalhada, testes (se for necess\u00e1rio) e an\u00e1lise t\u00e9cnica. Assim, o psic\u00f3logo poder\u00e1 traduzir os sintomas e pensamentos que as pessoas apresentam, dando novo significado ao sofrimento. A pessoa precisa se encontrar no que vai dar novo sentido e prazer \u00e0 sua vida, mas isso s\u00f3 ser\u00e1 percebido atrav\u00e9s da fala, pois \u00e9 atrav\u00e9s dela que n\u00f3s nos constitu\u00edmos como sujeito. O ato de falar sobre o que nunca foi dito, pode salvar uma vida, mas s\u00f3 o psic\u00f3logo ter\u00e1 a habilidade de elaborar esta quest\u00e3o de forma eficaz.<\/p>\n<p>&nbsp;<\/p>\n<p><strong>Virna Lelis Senhorinho de Queiroz<\/strong><\/p>\n<p><strong>CRP 03\/10688<\/strong><\/p>\n<p><strong>Psic\u00f3loga formada pela UNIME de Itabuna-BA.<\/strong><\/p>\n<p><strong>Atua na \u00e1rea de Psicologia Jur\u00eddica na Defensoria P\u00fablica de Jequi\u00e9-BA.<\/strong><\/p>\n<p>Fonte: Jequienoticias<\/p>\n<\/div>\n<p>&nbsp;<\/p>\n<p>&nbsp;<\/p>\n","protected":false},"excerpt":{"rendered":"<p>SETEMBRO AMARELO: m\u00eas da preven\u00e7\u00e3o ao suic\u00eddio. Psic\u00f3loga esclarece d\u00favidas sobre depress\u00e3o e suic\u00eddio, algo t\u00e3o recorrente nos dias atuais. JN: Porque as pessoas cometem suic\u00eddio? Virna Lelis: Porque elas est\u00e3o amedrontadas, angustiadas e cansadas demais de lutar contra o que sentem. O medo \u00e9 um sentimento necess\u00e1rio e inerente ao ser humano, mas \u00e9 [&hellip;]<\/p>\n","protected":false},"author":1,"featured_media":0,"parent":0,"menu_order":1,"comment_status":"closed","ping_status":"closed","template":"","meta":{"footnotes":""},"class_list":["post-78","page","type-page","status-publish","hentry"],"_links":{"self":[{"href":"https:\/\/www.lulelisnoticias.com.br\/blog\/wp-json\/wp\/v2\/pages\/78","targetHints":{"allow":["GET"]}}],"collection":[{"href":"https:\/\/www.lulelisnoticias.com.br\/blog\/wp-json\/wp\/v2\/pages"}],"about":[{"href":"https:\/\/www.lulelisnoticias.com.br\/blog\/wp-json\/wp\/v2\/types\/page"}],"author":[{"embeddable":true,"href":"https:\/\/www.lulelisnoticias.com.br\/blog\/wp-json\/wp\/v2\/users\/1"}],"replies":[{"embeddable":true,"href":"https:\/\/www.lulelisnoticias.com.br\/blog\/wp-json\/wp\/v2\/comments?post=78"}],"version-history":[{"count":3,"href":"https:\/\/www.lulelisnoticias.com.br\/blog\/wp-json\/wp\/v2\/pages\/78\/revisions"}],"predecessor-version":[{"id":18471,"href":"https:\/\/www.lulelisnoticias.com.br\/blog\/wp-json\/wp\/v2\/pages\/78\/revisions\/18471"}],"wp:attachment":[{"href":"https:\/\/www.lulelisnoticias.com.br\/blog\/wp-json\/wp\/v2\/media?parent=78"}],"curies":[{"name":"wp","href":"https:\/\/api.w.org\/{rel}","templated":true}]}}